{"id":676,"date":"2018-01-12T13:36:01","date_gmt":"2018-01-12T13:36:01","guid":{"rendered":"http:\/\/localhost\/iigl-wp\/?page_id=676"},"modified":"2018-01-12T13:36:01","modified_gmt":"2018-01-12T13:36:01","slug":"jose-jairo-valenzuela-luna-profile","status":"publish","type":"page","link":"https:\/\/global-leadership.com\/index.php\/jose-jairo-valenzuela-luna-profile\/","title":{"rendered":"Jose Jairo Valenzuela Luna &#8211; Profile"},"content":{"rendered":"<p>[vc_row][vc_column][vc_column_text css_animation=&#8221;fadeInDown&#8221;]<span style=\"color: #000080;\"><strong>Dominican Republic<\/strong><\/span><br \/>\n<span style=\"color: #000000;\"> Jos\u00e9 Jairo Valenzuela Luna<img loading=\"lazy\" decoding=\"async\" class=\"alignright size-full wp-image-677\" src=\"http:\/\/global-leadership.com\/wp-content\/uploads\/2018\/01\/DOMINICAN-Jairo-Valenzuela-Luna.jpg\" alt=\"\" width=\"154\" height=\"179\" \/><\/span><br \/>\n<span style=\"color: #000000;\"> Santo Domingo Norte<\/span><br \/>\n<span style=\"color: #000000;\"> Fecha de Nacimiento: 27 de Noviembre 1980<\/span><br \/>\n<span style=\"color: #000000;\"> Educaci\u00f3n: Licenciado en Administraci\u00f3n Menci\u00f3n Mercadotecnia<\/span><br \/>\n<span style=\"color: #000000;\"> Ocupaci\u00f3n: Asistente Administrativo<br \/>\n<\/span><span style=\"color: #000000;\">E-mail: janko11@hotmail.com<\/span><\/p>\n<p>&nbsp;<\/p>\n<p><strong><span style=\"color: #000000;\">Describa su visi\u00f3n de un mundo que funcione para todos.<\/span><\/strong><\/p>\n<p><span style=\"color: #000000;\">Mi Visi\u00f3n de un mundo que funciones para todos, seria un mundo donde este presente el respecto, Respecto a los dem\u00e1s seres humanos, a los animales, a los arboles, al medio ambiente, a la naturaleza, y donde haya democracia, libertad de pensamiento, donde se respecten los derechos humanos, y la justicia se igual para todos, sin importar clases sociales, raza, sexo, un mundo donde reine la armon\u00eda.<\/span><\/p>\n<p><span style=\"color: #000000;\">My vision of a world that works for everyone, this would be a world where this respect, respect for other human beings, animals, the trees, the environment, nature, and where there is democracy, freedom of thought where respecten human rights and equal justice for all, regardless of social class, race, sex, a world where harmony reigns.<\/span><\/p>\n<p><strong><span style=\"color: #000000;\">\u00bfQu\u00e9 ve usted como los problemas m\u00e1s acuciantes que afronta el mundo hoy en d\u00eda?<\/span><\/strong><\/p>\n<p><span style=\"color: #000000;\">Los problemas que afectan m\u00e1s al mundo seg\u00fan mi punto de vista son: el Narcotr\u00e1fico, venta y consumo de drogas, otro problemas que afecta a mucha gente es la exclusi\u00f3n (Negaci\u00f3n) de los derechos b\u00e1sicos de las personas como son la salud, la alimentaci\u00f3n, educaci\u00f3n, y resalto la salud, ya que muchas veces los seres humanos mueren por falta de recursos econ\u00f3micos para poder recibir atenciones medicas ya que est\u00e1n privatizada o solo destinadas a personas con muchos recursos econ\u00f3micos, otro problemas que se deriva de los antes mencionados es el alto costo de la vida, de las comidas, transporte, los salarios no van de acuerdo con el alto costo de la vida.<\/span><\/p>\n<p><span style=\"color: #000000;\">The problems that most affect the world in my view are: drug trafficking, sale and consumption of drugs, another problem that affects many people is the exclusion (denial) of the basic rights of individuals such as health, food education, health and shoulder, as humans often die for lack of financial resources in order to receive medical attention as they are privatized or just for people with many economic resources, other problems derived from the above is the high cost of living, meals, transportation, wages are not consistent with the high cost of living.<\/span><\/p>\n<p><strong><span style=\"color: #000000;\">\u00bfC\u00f3mo te sientes mejor estos problemas podr\u00edan ser resueltos?<\/span><\/strong><\/p>\n<p><span style=\"color: #000000;\">Crean Conciencia en nuestros ni\u00f1os, ni\u00f1as, j\u00f3venes y adultos de los da\u00f1os que ocasionan estos problemas a nosotros mismos. Inculcar valores a trav\u00e9s de programas educativos, que sean incluidos en los programas de educaci\u00f3n primaria y secundaria a nivel p\u00fablico y privado. Que se dise\u00f1en compa\u00f1as para los medios de comunicaci\u00f3n, Televisi\u00f3n, Radio, Internet, (Redes Sociales), que se difundan mensajes positivos para ir creando un cambio a corto, y mediano plazo, para que la nuevas generaciones adopten un compromiso, por preservar y cuidar su entorno, su medio ambiente, y puedan tener esa ambici\u00f3n de superaci\u00f3n colectiva que es lo que realmente nos hace falta. No solo pensar en lo individual sino tambi\u00e9n en los dem\u00e1s, como cada uno y cada una podemos contribuir para vivir en un mundo sin problemas sociales.<\/span><\/p>\n<p><span style=\"color: #000000;\">Create awareness in our children, youth and adults for damages caused by these problems ourselves. Instilling values \u200b\u200bthrough educational programs that are included in education programs at primary and secondary public and private sectors. That are designed compa\u00f1as to the media, TV, Radio, Internet (Social), which is spread positive messages in order to create a change in the short and medium term, so that new generations adopt a commitment to preserve and care for their environment, their environment, and may have overcome this collective ambition is really what we need. No thought of the individual but also in others, as each and every one can contribute to live in a world without social problems.<\/span><\/p>\n<p><strong><span style=\"color: #000000;\">Perfil.<\/span><\/strong><\/p>\n<p><span style=\"color: #000000;\">Soy un Joven de 31 a\u00f1os de edad, muy Trabajador, con muchos sue\u00f1os de superaci\u00f3n, tengo dos hermanos y una hermana, y hasta ahora dos sobrinas; somos de una familia humilde, luchadora y trabajadora, heredamos de nuestros padres algo muy sagrado: La Honestidad, el amor al trabajo, amor por la familia y el respecto hacia los dem\u00e1s y sobre todo el amor a Dios. Tengo Creencias Cristiana.<\/span><\/p>\n<p><span style=\"color: #000000;\">Estudie Mercadotecnia en la Universidad Psicolog\u00eda Industrial Dominicana (UPID) ese es el nombre de la universidad por que solo imparten carreras comerciales.<\/span><\/p>\n<p><span style=\"color: #000000;\">He trabajado como voluntario con Organizaciones No Gubernamentales como es el caso de: Alianza Solidaria para la Lucha contra el VIH y SIDA (ASOLSIDA) en la Rep\u00fablica Dominicana, en diferentes proyectos, Promoviendo la Prevenci\u00f3n, Atenci\u00f3n y Derechos Humanos en VIH y SIDA.<\/span><\/p>\n<p><span style=\"color: #000000;\">En mi trabajo con ONG tuve la oportunidad de Capacitarme en temas como VIH, SIDA, ITS, Derechos Humanos, Discriminaci\u00f3n Basada en Genero, realice labores en proyecto como Educador\/Consejero Comunitario en VIH y SIDA, tambi\u00e9n llevando Charlas a los estudiantes en centros educativos del sector p\u00fablico, informaciones basado en teatro sobre temas como ITS, VIH y SIDA, Estigma y Discriminaci\u00f3n vinculada con VIH y SIDA,<\/span><\/p>\n<p><span style=\"color: #000000;\">Form\u00e9 parte del Colectivo de J\u00f3venes de la Facultad Latinoamericana de Ciencias Sociales (FLACSO) en la cual present\u00e9 una propuesta ante un concurso internacional de investigaciones y resulte ganador, y logre llevar a cabo el estudio de investigaci\u00f3n: \u201cEstudio de conocimientos, creencias, actitudes y pr\u00e1cticas (CCAP) de los y las j\u00f3venes que viven con el Virus de Inmunodeficiencia (VIH) y su condici\u00f3n de salud en relaci\u00f3n con los medicamentos antirretrovirales\u201d.<\/span><\/p>\n<p><span style=\"color: #000000;\">El cual tuve la oportunidad de desarrollar con un equipo de personas miembros de Alianza Solidaria para la Lucha contra el VIH y SIDA (ASOLSIDA) y Accesorias de Lideres de otras organizaciones.<\/span><\/p>\n<p><span style=\"color: #000000;\">Y lograr presentar los resultados de esa investigaci\u00f3n a nivel local e internacional, as\u00ed mismo por mi trabajo como voluntario tuve la oportunidad de participar en conferencias y eventos internacionales como \u00a8Conferencia Internacional Sobre VIH y SIDA a\u00f1o 2008 en M\u00e9xico\u00a8; y el \u00a8 Primer Encuentro Internacional del Voluntariado Juvenil Monterrey; M\u00e9xico 2009.<\/span><\/p>\n<p><span style=\"color: #000000;\">Actualmente trabajo para una empresa privada como Asistente administrativo, y de forma voluntaria soy miembro Activo de: Alianza Solidaria para la Lucha contra el VIH y SIDA (ASOLSIDA).<\/span><\/p>\n<p><span style=\"color: #000000;\">Tengo el Inter\u00e9s de estudiar Ingles, a nivel Profesional y tambi\u00e9n estudiar Leyes,<\/span><\/p>\n<p><span style=\"color: #000000;\">Tengo el deseo y motivaci\u00f3n para ser un representante de los Derechos Humanos de Grupos o personas en situaciones no favorables.<\/span><\/p>\n<p><span style=\"color: #000000;\">Lo me motiv\u00f3 a ser activista social fue ver la realidad que pasan las personas de escasos recursos, cuando requieren un tratamiento m\u00e9dico para salvar su vida, las pocas oportunidades que los responsables de las pol\u00edticas p\u00fablicas nos ofrecen, la desigualdad social en que vivimos la mayor\u00edas de las personas, la falta de apoyo de los gobiernos a atender sus responsabilidades.<\/span><\/p>\n<p><span style=\"color: #000000;\">Me considero una persona un poco como t\u00edmida, sin embargos; me gustan los retos, la responsabilidades, los triunfos, poder lograr acciones que favorezcan a otros, soy muy optimista, creo en lo positivo, creo en el cambio y sobre todo creo en que el cambio debe empezar por uno mismo como individuo para poder transmitir a otros esa necesidad de cambiar para un mundo mejor.<\/span><\/p>\n<p><span style=\"color: #000000;\">I am a young 31 year old hard working, with many dreams to excel, I have two brothers and one sister, two nieces and so far, we are a poor family, struggling and working, we inherit from our parents something very sacred: Honesty, love of work, love of family and respect for others and especially the love of God. I have Christian beliefs.<\/span><\/p>\n<p><span style=\"color: #000000;\">Study Marketing at the University Dominican Industrial Psychology (UPID) that is the name of the university that taught only commercial careers.<\/span><\/p>\n<p><span style=\"color: #000000;\">I worked as a volunteer with NGOs as is the case: Solidarity Alliance to Combat HIV and AIDS (ASOLSIDA) in the Dominican Republic on various projects, Promoting Prevention, Care and Human Rights in HIV and AIDS.<\/span><\/p>\n<p><span style=\"color: #000000;\">In my work with NGOs had the opportunity to train in topics such as HIV, AIDS, STIs, Human Rights, Discrimination Based on Gender, perform tasks in the project as Educator \/ Counselor Community HIV and AIDS, taking also talks to students in schools public sector based information on topics such as theater STIs, HIV and AIDS, stigma and discrimination associated with HIV and AIDS<\/span><\/p>\n<p><span style=\"color: #000000;\">I was part of the Collective of Young, Latin American Faculty of Social Sciences (FLACSO) in which I presented a proposal to an international research and be a winner, and be able to carry out the research study: &#8220;Study of knowledge, beliefs, attitudes and practices (CCAP) of young people living with Immunodeficiency Virus (HIV) and health status in relation to antiretroviral drugs. &#8220;<\/span><\/p>\n<p><span style=\"color: #000000;\">In my work with NGOs had the opportunity to train in topics such as HIV, AIDS, STIs, Human Rights, Discrimination Based on Gender, perform tasks in the project as Educator \/ Counselor Community HIV and AIDS, taking also talks to students in schools public sector information based on which I had the opportunity to develop a team of members of Solidarity Alliance to Combat HIV and AIDS (ASOLSIDA) and Accessories Leaders of other organizations.<\/span><\/p>\n<p><span style=\"color: #000000;\">And getting to present the results of that research locally and internationally and the same for my volunteer work I had the opportunity to participate in conferences and international events such as \u00a8 International Conference on HIV and AIDS 2008 in Mexico \u00a8, and \u00a8 First Meeting International Youth Volunteer Monterrey, Mexico 2009.<\/span><\/p>\n<p><span style=\"color: #000000;\">I currently work for a private firm as Administrative Assistant, and am voluntarily Active Member: Alliance Partnership for the Fight against HIV and AIDS (ASOLSIDA).<\/span><\/p>\n<p><span style=\"color: #000000;\">I have the interest to study English, professional level and study law, I have the desire and motivation to be a representative of Human Rights Groups or individuals in unfavorable situations.<\/span><\/p>\n<p><span style=\"color: #000000;\">What motivated me to become a social activist was to see the reality that people spend scarce resources when they need medical treatment to save his life, the few opportunities that public policy makers offer us, social inequality in which the majority live people, lack of government support to meet their responsibilities.<\/span><\/p>\n<p><span style=\"color: #000000;\">I consider myself as a bit shy, without attachments, I like challenges, responsibilities, triumphs, to achieve actions that benefit others, I am very optimistic, I believe in the positive, believe in change and above all believe in that change must start with oneself as an individual to convey to others that need to change for a better world.<\/span>[\/vc_column_text][\/vc_column][\/vc_row][vc_row][vc_column][vc_column_text css_animation=&#8221;fadeInDown&#8221;]<a href=\"http:\/\/global-leadership.com\/index.php\/jose-jairo-valenzuela-luna-assessments\/\"><strong><span style=\"color: #000000;\">Click Here to read My Book Assessments<\/span><\/strong><\/a><\/p>\n<p><strong><span style=\"color: #000000;\">Books Completed:<\/span><\/strong><\/p>\n<p><span style=\"color: #000000;\">As A Man Thinketh<\/span><br \/>\n<span style=\"color: #000000;\"> Jonathan Livingston Seagull<\/span>[\/vc_column_text][\/vc_column][\/vc_row]<\/p>\n","protected":false},"excerpt":{"rendered":"<p>[vc_row][vc_column][vc_column_text css_animation=&#8221;fadeInDown&#8221;]Dominican Republic Jos\u00e9 Jairo Valenzuela Luna Santo Domingo Norte Fecha de Nacimiento: 27 de Noviembre 1980 Educaci\u00f3n: Licenciado en Administraci\u00f3n Menci\u00f3n Mercadotecnia Ocupaci\u00f3n: Asistente Administrativo E-mail: janko11@hotmail.com &nbsp; Describa su visi\u00f3n de un mundo que funcione para todos. Mi <a href=\"https:\/\/global-leadership.com\/index.php\/jose-jairo-valenzuela-luna-profile\/\" class=\"read-more\">Read More &#8230;<\/a><\/p>\n","protected":false},"author":1,"featured_media":0,"parent":0,"menu_order":0,"comment_status":"closed","ping_status":"closed","template":"","meta":{"footnotes":""},"class_list":["post-676","page","type-page","status-publish","hentry"],"_links":{"self":[{"href":"https:\/\/global-leadership.com\/index.php\/wp-json\/wp\/v2\/pages\/676","targetHints":{"allow":["GET"]}}],"collection":[{"href":"https:\/\/global-leadership.com\/index.php\/wp-json\/wp\/v2\/pages"}],"about":[{"href":"https:\/\/global-leadership.com\/index.php\/wp-json\/wp\/v2\/types\/page"}],"author":[{"embeddable":true,"href":"https:\/\/global-leadership.com\/index.php\/wp-json\/wp\/v2\/users\/1"}],"replies":[{"embeddable":true,"href":"https:\/\/global-leadership.com\/index.php\/wp-json\/wp\/v2\/comments?post=676"}],"version-history":[{"count":1,"href":"https:\/\/global-leadership.com\/index.php\/wp-json\/wp\/v2\/pages\/676\/revisions"}],"predecessor-version":[{"id":679,"href":"https:\/\/global-leadership.com\/index.php\/wp-json\/wp\/v2\/pages\/676\/revisions\/679"}],"wp:attachment":[{"href":"https:\/\/global-leadership.com\/index.php\/wp-json\/wp\/v2\/media?parent=676"}],"curies":[{"name":"wp","href":"https:\/\/api.w.org\/{rel}","templated":true}]}}