{"id":665,"date":"2018-01-12T12:55:33","date_gmt":"2018-01-12T12:55:33","guid":{"rendered":"http:\/\/localhost\/iigl-wp\/?page_id=665"},"modified":"2018-01-12T12:55:33","modified_gmt":"2018-01-12T12:55:33","slug":"carlos-paulino-profile","status":"publish","type":"page","link":"http:\/\/global-leadership.com\/index.php\/carlos-paulino-profile\/","title":{"rendered":"Carlos Paulino &#8211; Profile"},"content":{"rendered":"<p>[vc_row][vc_column][vc_column_text css_animation=&#8221;fadeInDown&#8221;]<span style=\"color: #000080;\"><strong>Dominican Republic<\/strong><\/span><\/p>\n<p><span style=\"color: #000000;\">Carlos Paulino<img loading=\"lazy\" decoding=\"async\" class=\"alignright size-medium wp-image-667\" src=\"http:\/\/global-leadership.com\/wp-content\/uploads\/2018\/01\/DOMINICAN-Carlos-Paulino-269x300.jpg\" alt=\"\" width=\"269\" height=\"300\" srcset=\"http:\/\/global-leadership.com\/wp-content\/uploads\/2018\/01\/DOMINICAN-Carlos-Paulino-269x300.jpg 269w, http:\/\/global-leadership.com\/wp-content\/uploads\/2018\/01\/DOMINICAN-Carlos-Paulino-242x270.jpg 242w, http:\/\/global-leadership.com\/wp-content\/uploads\/2018\/01\/DOMINICAN-Carlos-Paulino.jpg 338w\" sizes=\"auto, (max-width: 269px) 100vw, 269px\" \/><\/span><br \/>\n<span style=\"color: #000000;\">Santo Domingo, Republica Dominica<\/span><br \/>\n<span style=\"color: #000000;\">Email: maxicar12@hotmail.com<\/span><br \/>\n<span style=\"color: #000000;\">Birthday: 6 de Noviembre del 1982<\/span><br \/>\n<span style=\"color: #000000;\">Education: Lic. en Filosofia y Humanidades<\/span><br \/>\n<span style=\"color: #000000;\">Occupation: Estudiante<\/span><\/p>\n<p><strong><span style=\"color: #000000;\">Please describe your vision of a world that works for everyone.<\/span><\/strong><\/p>\n<p><span style=\"color: #000000;\">Para mi un mundo que funcione para todo es un poco platonico, es decir que no hay posibilidad que se pueda dar tal anelo, pero podemos contribuir a que el mundo sea un poco mas llevadero atreves de la convivencia y la fraternidad entre las familia, y las personas que nos rodean<\/span><\/p>\n<p><span style=\"color: #000000;\">For me a world that works for all is a bit Platonic, ie there is no chance that you can give such A\u00f1elo, but we can help make the world a little more bearable dare coexistence and fraternity between the family and the people around us<\/span><\/p>\n<p><strong><span style=\"color: #000000;\">What do you see as the most pressing problems facing the world today?.<\/span><\/strong><\/p>\n<p><span style=\"color: #000000;\">En la actualidad si podems clasificar las problematicas que afectan al mundo lapodemos clasificar en diferentes directrices, primero esta la desintegracion familair, la cual es la rama de todos los problemas sociales, la falta de convivecia de los seres humanos, donde el sujetos<\/span><\/p>\n<p><span style=\"color: #000000;\">Currently if podems classify problems affecting the world lapodemos classified into different guidelines, first this family-run house disintegration, which is the branch of all social problems, lack of convivecia of humans, where the subject.<\/span><\/p>\n<p><span style=\"color: #000000;\">\u00bfC\u00f3mo te sientes mejor estos problemas podr\u00edan ser resueltos? (M\u00ednimo 100 palabras)<\/span><\/p>\n<p><span style=\"color: #000000;\">Si estos problemas tiene soluciones, pero a largo plazo, comensando por tranformar los patronones familiares que se estn llevando en estos momentos, volviendo a convivir con los demas, eradicando un poco el distanciamiento que hay entre la realidad y e mundo victuarl. a tecnologia es buena pero si se puede decir pero corrompe.<\/span><\/p>\n<p><span style=\"color: #000000;\">If these problems have solutions, but in the long term, begining to tranform the family that ESTN patronones carrying right now, returning to live with others, eradicando a little distance there is between reality and e victuarl world. a technology is good but if you can say but corrupts<\/span><\/p>\n<p><strong><span style=\"color: #000000;\">Profile<\/span><\/strong><\/p>\n<p><span style=\"color: #000000;\">Soy Carlos paulino, nac\u00ed en la Comunidad de El Valle, Provincia Hato Mayor, Republica Dominicana, inicie mis estudios primarios en la Escuela Benito Gonzales, luego segu\u00ed mis estudios en El Liceo Secundario El Valle, al terminar mis estudios me mude a la capital de mi pa\u00eds, donde empec\u00e9 a estudio la Licenciatura en Filosof\u00eda y Humanidades, estudie esta carrera por varias razones entre las que puedo expresar: el amor al saber, al estudio profundo de las cosas.<\/span><\/p>\n<p><span style=\"color: #000000;\">Hoy en d\u00eda he terminado mi carrera en el Instituto Tecnol\u00f3gico de Santo Domingo(INTEC), soy un amante de la lectura, en especial la literatura cl\u00e1sica , los libros que tiene que ver con la realidad social, algunas lectura de auto ayuda, entre otro.<\/span><\/p>\n<p><span style=\"color: #000000;\">En mis pasatiempos me gusta ir al cine, bailar, compartir con mi familia y los amigos, adem\u00e1s abocarme a un buen libro, porque creo que la lectura es el mejor boleto de a\u00e9reo para conocer otras culturas, otra manera de pensar. Por eso cuando la lectura de un libro, es la mirada a un horizonte que jam\u00e1s olvidara,<\/span><\/p>\n<p><span style=\"color: #000000;\">La lectura hace que los valores que se encuentran encerrados en los libros se vayan desarrollando en los ni\u00f1os de una forma firme, a la vez que tambi\u00e9n se va aprendiendo una buena ciudadan\u00eda.<\/span><\/p>\n<p><span style=\"color: #000000;\">La lectura no s\u00f3lo permite el acceso al conocimiento y a la cultura, tambi\u00e9n es un veh\u00edculo transmisor de actitudes y valores sociales, valores tan apreciados hoy en d\u00eda como la convivencia pac\u00edfica, el respeto a las personas, la tolerancia, la solidaridad\u2026 La mayor\u00eda de los padres quieren que sus hijos sean educados, ayuden a sus mayores, respeten a sus compa\u00f1eros en el colegio\u2026<\/span><\/p>\n<p><span style=\"color: #000000;\">Durante mis procesos de formaci\u00f3n y profesional he sido director regional de la juventud, en la cual trabaje por el desarrollo profesional, educativo, deportivo de esta regi\u00f3n de igual manera es trabajado en favor de los inmigrantes haitiano, en el centro Bono y el centro Juan Montalvo, en la actualidad soy el presidente de la asociaci\u00f3n de estudiantes universitario de El Valle y Presidente de la Red Nacional de Asociaciones de Estudiantes Universitarios de la Universidad Aut\u00f3noma de Santo Domingo.<\/span><\/p>\n<p><span style=\"color: #000000;\">En la actualidad trabajo en la C\u00e1mara de Diputado de la Republica Dominicana, donde realizo mis funciones como asistente legislativo, mi intenci\u00f3n en esta entidad es trabajar en la conformaci\u00f3n de proyectos que valla en favor de la comunidad, en especial con instituciones internacionales, dichas instituciones no solo trabajan en favor de los m\u00e1s necesitados, sino que fortalecen el proceso de institucionalidad de la Republica Dominicana.<\/span><\/p>\n<p><span style=\"color: #000000;\">De igual manera ayudo con el fortalecimiento de los grupos comunitarios, d\u00e1ndole un seguimiento a las propuestas y proyectos que los mismos sestan llevando, la mayor\u00eda de estos grupos son asociaciones de mujeres, juntas de vecinos, asociaci\u00f3n de estudiantes, asociaci\u00f3n de comerciantes, iglesias, centro deportivos, que trabajan para que sus comunidad cada d\u00eda mas sea mejores.<\/span><\/p>\n<p><strong><span style=\"color: #000000;\">Translation,<\/span><\/strong><\/p>\n<p><span style=\"color: #000000;\">I am Carlos Paulino was born in the Community of El Valle, Province Hato Mayor, Dominican Republic, started my primary education at the School Benito Gonzales, then continued my studies at The Lyceum Secondary El Valle, after finishing my studies I moved to the capital my country, where I began to study the Bachelor of Philosophy and Humanities, consider this race for several reasons among which I can say: the love of knowledge, to the deep study of things.<\/span><\/p>\n<p><span style=\"color: #000000;\">Today I have finished my course at the Instituto Tecnologico de Santo Domingo (INTEC), I am a lover of reading, especially classic literature, books that deals with social reality, some self-help reading, among other .<\/span><\/p>\n<p><span style=\"color: #000000;\">In my hobbies I like going to movies, dancing, spending time with my family and friends, and devote myself to a good book, because I believe that reading is the best air ticket for other cultures, other ways of thinking. So when reading a book, look to a horizon that never forget,<\/span><\/p>\n<p><span style=\"color: #000000;\">Reading makes the values \u200b\u200bthat are enclosed in the books are developed in children in a firm, while also learns good citizenship.<\/span><\/p>\n<p><span style=\"color: #000000;\">Reading not only allows access to knowledge and culture, is also a vehicle for transmitting attitudes and social values, values \u200b\u200bso prized today as peaceful coexistence, respect for persons, tolerance, solidarity &#8230; Most Parents want their children educated, help their elders, respect their peers at school<\/span><\/p>\n<p><span style=\"color: #000000;\">During my professional training and processes have been regional director of the youth, which works for the professional, educational, sports in this region is likewise worked for Haitian immigrants in the center and center John Bono Montalvo, now I am the president of the association of university students of El Valle and Chairman of the National Network of Associations of University Students of the University of Santo Domingo.<\/span><\/p>\n<p><span style=\"color: #000000;\">Currently working in the Chamber of Deputies of the Dominican Republic, where I do my duties as a legislative aide, my intention in this state is to work in shaping fence projects for the community, especially with international institutions, these institutions not only working for the needy, but the process of institutional strengthening of the Dominican Republic.<\/span><\/p>\n<p><span style=\"color: #000000;\">Similarly helped with the strengthening of community groups, giving a follow up the proposals and projects that they carry Sestan, most of these groups are women&#8217;s associations, neighborhood associations, student union, an association of merchants, churches, sports center, working for their community every day more is better.<\/span>[\/vc_column_text][\/vc_column][\/vc_row][vc_row][vc_column][vc_column_text css_animation=&#8221;fadeInDown&#8221;]<a href=\"http:\/\/global-leadership.com\/index.php\/carlos-paulino-assessments\/\"><strong><span style=\"color: #000000;\">Click Here to read my book assessments<\/span><\/strong><\/a><\/p>\n<p><strong><span style=\"color: #000000;\">Books Completed<\/span><\/strong><\/p>\n<p><span style=\"color: #000000;\">Como Un Hombre Piensa, Asi Es Su Vida<\/span><br \/>\n<span style=\"color: #000000;\"> Como Un Hombre Piensa, Asi Es Su Vida<\/span><br \/>\n<span style=\"color: #000000;\"> La Actitud Mental Positiva<\/span><br \/>\n<span style=\"color: #000000;\"> La Actitud Mental Positiva<\/span><br \/>\n<span style=\"color: #000000;\"> Piense y Hagase Rico<\/span>[\/vc_column_text][\/vc_column][\/vc_row]<\/p>\n","protected":false},"excerpt":{"rendered":"<p>[vc_row][vc_column][vc_column_text css_animation=&#8221;fadeInDown&#8221;]Dominican Republic Carlos Paulino Santo Domingo, Republica Dominica Email: maxicar12@hotmail.com Birthday: 6 de Noviembre del 1982 Education: Lic. en Filosofia y Humanidades Occupation: Estudiante Please describe your vision of a world that works for everyone. Para mi un mundo <a href=\"http:\/\/global-leadership.com\/index.php\/carlos-paulino-profile\/\" class=\"read-more\">Read More &#8230;<\/a><\/p>\n","protected":false},"author":1,"featured_media":0,"parent":0,"menu_order":0,"comment_status":"closed","ping_status":"closed","template":"","meta":{"footnotes":""},"class_list":["post-665","page","type-page","status-publish","hentry"],"_links":{"self":[{"href":"http:\/\/global-leadership.com\/index.php\/wp-json\/wp\/v2\/pages\/665","targetHints":{"allow":["GET"]}}],"collection":[{"href":"http:\/\/global-leadership.com\/index.php\/wp-json\/wp\/v2\/pages"}],"about":[{"href":"http:\/\/global-leadership.com\/index.php\/wp-json\/wp\/v2\/types\/page"}],"author":[{"embeddable":true,"href":"http:\/\/global-leadership.com\/index.php\/wp-json\/wp\/v2\/users\/1"}],"replies":[{"embeddable":true,"href":"http:\/\/global-leadership.com\/index.php\/wp-json\/wp\/v2\/comments?post=665"}],"version-history":[{"count":1,"href":"http:\/\/global-leadership.com\/index.php\/wp-json\/wp\/v2\/pages\/665\/revisions"}],"predecessor-version":[{"id":669,"href":"http:\/\/global-leadership.com\/index.php\/wp-json\/wp\/v2\/pages\/665\/revisions\/669"}],"wp:attachment":[{"href":"http:\/\/global-leadership.com\/index.php\/wp-json\/wp\/v2\/media?parent=665"}],"curies":[{"name":"wp","href":"https:\/\/api.w.org\/{rel}","templated":true}]}}