{"id":2082,"date":"2018-03-26T19:46:07","date_gmt":"2018-03-26T19:46:07","guid":{"rendered":"http:\/\/localhost\/iigl-wp\/?page_id=2082"},"modified":"2018-03-26T19:46:07","modified_gmt":"2018-03-26T19:46:07","slug":"nyakpo-koffi-anani-profile","status":"publish","type":"page","link":"http:\/\/global-leadership.com\/index.php\/nyakpo-koffi-anani-profile\/","title":{"rendered":"Nyakpo Koffi Anani &#8211; Profile"},"content":{"rendered":"<p>[vc_row][vc_column][vc_column_text css_animation=&#8221;fadeInDown&#8221;]<span style=\"color: #000080;\"><strong>Togo<img loading=\"lazy\" decoding=\"async\" class=\"alignright size-full wp-image-2084\" src=\"http:\/\/global-leadership.com\/wp-content\/uploads\/2018\/03\/TOGO-Nyakpo-Koffi-Anani.jpg\" alt=\"\" width=\"200\" height=\"200\" srcset=\"http:\/\/global-leadership.com\/wp-content\/uploads\/2018\/03\/TOGO-Nyakpo-Koffi-Anani.jpg 200w, http:\/\/global-leadership.com\/wp-content\/uploads\/2018\/03\/TOGO-Nyakpo-Koffi-Anani-150x150.jpg 150w\" sizes=\"auto, (max-width: 200px) 100vw, 200px\" \/><\/strong><\/span><br \/>\n<span style=\"color: #000000;\"> Nyakpo Koffi Anani<\/span><br \/>\n<span style=\"color: #000000;\"><strong> Email:<\/strong>nkalouis@yahoo.fr<\/span><br \/>\n<span style=\"color: #000000;\"><strong> Tel:<\/strong> (00228)92592891\/(00228)99340949.<\/span><br \/>\n<span style=\"color: #000000;\"><strong> Birthday:<\/strong> 07\/08\/1972<\/span><br \/>\n<span style=\"color: #000000;\"><strong> Education:<\/strong> High School Diploma<\/span><br \/>\n<span style=\"color: #000000;\"><strong> Occupation:<\/strong> Social Worker<\/span><\/p>\n<p><strong><span style=\"color: #000000;\">Please describe your vision of a world that work for everyone.<\/span><\/strong><br \/>\n<span style=\"color: #000000;\"> My vision of a world that works for everyone is based on a value: Love. Everybody must be concerned by the wellbeing of the others .It can be realised in my family, communities, countries and in the world through the smallest actions. People must identify one of the main problems in the world; the poverty, find out its root causes and how to solve permanently this problem. The world owes to everyone justice, peace and freedom.<\/span><\/p>\n<p><strong><span style=\"color: #000000;\">What do you see as the most pressing problems facing the world today?<\/span><\/strong><br \/>\n<span style=\"color: #000000;\"> The world is mainly faced with poverty, diseases and insecurity problems. Nowadays, many persons are hungry in the world; lack of food to eat .Our continent Africa is particularly affected. Hardly the majority eat once a day. Children are the most affected. Several deaths are linked to this recurrent fact of poverty as root causes of many diseases.<\/span><br \/>\n<span style=\"color: #000000;\"> Insecurity is another phenomenon our modern world is facing as a great challenge. We witness everyday violence all over the world.<\/span><\/p>\n<p><strong><span style=\"color: #000000;\">How do you feel these problems could best be solved?<\/span><\/strong><br \/>\n<span style=\"color: #000000;\"> First of all, our authorities must know that they are elected to insure peace and wellbeing of their fellow citizens. That is why they must come from free and transparent elections. They must be competent, devoted and honest; begin the struggle against corruption by themselves; stop to steal the public goods. Then they have to create, organize and develop agriculture projects which could help the populations and particularly the youth to break the circle of employment and poverty.<\/span><br \/>\n<span style=\"color: #000000;\"> They must invest in the field of health, building health centres and hospitals. They encourage, promote and facilitate self employment and free enterprise among the youth.<\/span><br \/>\n<span style=\"color: #000000;\"> Most importantly, I want to emphasise the fact that each of us must do his best to build his own wellbeing through self development. It begins by personal initiative.<\/span><\/p>\n<p><strong><span style=\"color: #000000;\">Profile<\/span><\/strong><br \/>\n<span style=\"color: #000000;\"> I am 1,65m high and weigh 48 lbs . I am from a large family composed of ten children. My parents are farmers. I have a cool and calm nature. I am patient. I like honesty and integrity in life. My first desire is to be in public administration as change maker in my country. I want to become a rich man undertaking my own business. This will allow me to be widely helpful in great generosity, from my family to others. At this time my major goal is to invest in personal growth and development. It is this spirit which brought me to IIGL.<\/span><\/p>\n<p><span style=\"color: #000000;\">I have travelled many times in Ghana , neighbour country of Togo .<\/span><\/p>\n<p><span style=\"color: #000000;\">I have read books. The one which captured deeply my attention is \u2018\u2019Think and Grow Rich\u2019\u2019 of Napoleon Hill.<\/span><\/p>\n<p><span style=\"color: #000000;\">In 2002,I was trained by Red Cross- Togo : \u2019\u2019First Aid Worker, Community Agent of Health\u2019\u2019<\/span><\/p>\n<p><span style=\"color: #000000;\">In 2004, I have been Trainee at an organization: \u2019\u2019Mission Mondiale pour la Femme et l\u2019Enfant D\u00e9sh\u00e9rit\u00e9\u2019\u2019 I worked as particular Secretary of the President.<\/span><\/p>\n<p><span style=\"color: #000000;\">In 2006, I participated a campaign with an NGO named \u2018\u2019Synergie des Jeunes pour le D\u00e9veloppement\u2019\u2019. It was about Sexually transmitted diseases.<\/span><\/p>\n<p><span style=\"color: #000000;\">In 2010, I participated in the fourth campaign of population and habitats, general registration in my country Togo.<\/span>[\/vc_column_text][\/vc_column][\/vc_row][vc_row][vc_column][vc_column_text css_animation=&#8221;fadeInDown&#8221;]<a href=\"http:\/\/global-leadership.com\/index.php\/nyakpo-koffi-anani-assessments\/\"><strong><span style=\"color: #000000;\">Click Here to read My Book Assessments<\/span><\/strong><\/a><\/p>\n<p><strong><span style=\"color: #000000;\">Books Completed:<\/span><\/strong><\/p>\n<p><span style=\"color: #000000;\">As A Man Thinketh<\/span><br \/>\n<span style=\"color: #000000;\"> Jonathan Livingston Seagull<\/span><br \/>\n<span style=\"color: #000000;\"> Success Through a Positive Mental Attitude<\/span><br \/>\n<span style=\"color: #000000;\"> Psycho-Cybernetics<\/span><br \/>\n<span style=\"color: #000000;\"> Keys to Success<\/span><br \/>\n<span style=\"color: #000000;\"> Real Magic<\/span>[\/vc_column_text][\/vc_column][\/vc_row]<\/p>\n","protected":false},"excerpt":{"rendered":"<p>[vc_row][vc_column][vc_column_text css_animation=&#8221;fadeInDown&#8221;]Togo Nyakpo Koffi Anani Email:nkalouis@yahoo.fr Tel: (00228)92592891\/(00228)99340949. Birthday: 07\/08\/1972 Education: High School Diploma Occupation: Social Worker Please describe your vision of a world that work for everyone. My vision of a world that works for everyone is based on <a href=\"http:\/\/global-leadership.com\/index.php\/nyakpo-koffi-anani-profile\/\" class=\"read-more\">Read More &#8230;<\/a><\/p>\n","protected":false},"author":1,"featured_media":0,"parent":0,"menu_order":0,"comment_status":"closed","ping_status":"closed","template":"","meta":{"footnotes":""},"class_list":["post-2082","page","type-page","status-publish","hentry"],"_links":{"self":[{"href":"http:\/\/global-leadership.com\/index.php\/wp-json\/wp\/v2\/pages\/2082","targetHints":{"allow":["GET"]}}],"collection":[{"href":"http:\/\/global-leadership.com\/index.php\/wp-json\/wp\/v2\/pages"}],"about":[{"href":"http:\/\/global-leadership.com\/index.php\/wp-json\/wp\/v2\/types\/page"}],"author":[{"embeddable":true,"href":"http:\/\/global-leadership.com\/index.php\/wp-json\/wp\/v2\/users\/1"}],"replies":[{"embeddable":true,"href":"http:\/\/global-leadership.com\/index.php\/wp-json\/wp\/v2\/comments?post=2082"}],"version-history":[{"count":1,"href":"http:\/\/global-leadership.com\/index.php\/wp-json\/wp\/v2\/pages\/2082\/revisions"}],"predecessor-version":[{"id":2086,"href":"http:\/\/global-leadership.com\/index.php\/wp-json\/wp\/v2\/pages\/2082\/revisions\/2086"}],"wp:attachment":[{"href":"http:\/\/global-leadership.com\/index.php\/wp-json\/wp\/v2\/media?parent=2082"}],"curies":[{"name":"wp","href":"https:\/\/api.w.org\/{rel}","templated":true}]}}