{"id":2072,"date":"2018-03-26T18:12:40","date_gmt":"2018-03-26T18:12:40","guid":{"rendered":"http:\/\/localhost\/iigl-wp\/?page_id=2072"},"modified":"2018-03-26T18:12:40","modified_gmt":"2018-03-26T18:12:40","slug":"adjoa-brigitte-adonou-profile","status":"publish","type":"page","link":"http:\/\/global-leadership.com\/index.php\/adjoa-brigitte-adonou-profile\/","title":{"rendered":"Adjoa Brigitte Adonou &#8211; Profile"},"content":{"rendered":"<p>[vc_row][vc_column][vc_column_text css_animation=&#8221;fadeInDown&#8221;]<span style=\"color: #000080;\"><strong>Togo<\/strong><\/span><br \/>\n<span style=\"color: #000000;\"> Adjoa Brigitte Adonou<img loading=\"lazy\" decoding=\"async\" class=\"alignright size-full wp-image-2074\" src=\"http:\/\/global-leadership.com\/wp-content\/uploads\/2018\/03\/TOGO-Adjoa-Brigitte-Adonou.jpg\" alt=\"\" width=\"200\" height=\"200\" srcset=\"http:\/\/global-leadership.com\/wp-content\/uploads\/2018\/03\/TOGO-Adjoa-Brigitte-Adonou.jpg 200w, http:\/\/global-leadership.com\/wp-content\/uploads\/2018\/03\/TOGO-Adjoa-Brigitte-Adonou-150x150.jpg 150w\" sizes=\"auto, (max-width: 200px) 100vw, 200px\" \/><\/span><br \/>\n<span style=\"color: #000000;\"> Lom\u00e9, Togo<\/span><br \/>\n<span style=\"color: #000000;\"><strong> Email:<\/strong> britado2@yahoo.fr<\/span><br \/>\n<span style=\"color: #000000;\"><strong> Birthday:<\/strong> 23 July 1979<\/span><br \/>\n<span style=\"color: #000000;\"><strong> Education:<\/strong> Higher studies<\/span><br \/>\n<span style=\"color: #000000;\"><strong> Occupation:<\/strong> Administrative Secretary<\/span><\/p>\n<p><strong><span style=\"color: #000000;\">Please describe your vision of a world that works for everyone.<\/span><\/strong><br \/>\n<span style=\"color: #000000;\"> In my view a world that works for everyone is a world of peace and prosperity; a world where we can accept each other without race ethnic or religious distinction. I mean a world without injustice and poor governments, a world where there will be no racism and intolerance. World where Human Rights should be respected. If there is justice, if there is no corruption, if the resources are shared equitably, we can avoid many conflicts.<\/span><\/p>\n<p><strong><span style=\"color: #000000;\">What do you see as the most pressing problems facing the world today?<\/span><\/strong><br \/>\n<span style=\"color: #000000;\"> The most pressing problems facing the world today are: poverty, prostitution, juvenile delinquency, corruption, robbery, crime and war. Poverty is everywhere in our nations and some people don\u2019t even have shelter. People die of starvation every day. In order to get money somebody prostitutes and others steal. It is awful. The case of juvenile delinquency is also very alarming nowadays. Instead of going to school or attending professional centers in order to prepare their future, many young people are in the street, using alcohol and drugs and doing bad things.<\/span><\/p>\n<p><strong><span style=\"color: #000000;\">How do you feel these problems could best be solved?<\/span><\/strong><br \/>\n<span style=\"color: #000000;\"> To reduce poverty, it is important to bring people to assume their individual responsibility, their personal growth and development. Even if you help someone with goods and money all the time, that situation could not help him to overcome his poverty. To solve prostitution, robbery and most of another problems mentioned, people have to be educated in order to change their minds. Everyone should have a sense of values. And it is important to inculcate good human values in people in their infancy (childhood). Education is very important. I think Government should invest more in education and make any child go to school. Avoid injustice in our societies can banish problems like crimes and wars.<\/span><\/p>\n<p><strong><span style=\"color: #000000;\">Profile<\/span><\/strong><br \/>\n<span style=\"color: #000000;\"> My name is ADONOU Adjoa Brigitte. I am Togolese from K\u00e9v\u00e9, in the south west region of Togo. I live in Lom\u00e9, capital city of Togo. I work for Ministry of Social Action and National Solidarity (Minist\u00e8re de l\u2019Action Sociale et de la Solidarit\u00e9 Nationale) as administrative secretary. I am in the human resources department. My birthday is 23 July 1979. I born in Ivory Coast (precisely at Bocanda) and I lived in that country with my parents until I had 9 years old. I have four sisters and one brother.I am tall and slim.<\/span><\/p>\n<p><span style=\"color: #000000;\">After Higher school diploma &#8211; Baccalaur\u00e9at (Philosophy and Art), I attended training courses in the domain of administration.<\/span><\/p>\n<p><span style=\"color: #000000;\">I am currently a member of Initiative for a Positive Future Togo (IPF-Togo), NGO created in 2009 by Mr. DAVUI Kosi Sep\u00e9nou, the one who talked me about this study program. IPF-Togo is an NGO similar to IIGL.<\/span><\/p>\n<p><span style=\"color: #000000;\">I like humoristic and self-improvement books. I am also interested in humoristic movies.<\/span><\/p>\n<p><span style=\"color: #000000;\">About everyday life, I opt for married life and children. I am Christian and I like freedom of religion.<\/span><\/p>\n<p><span style=\"color: #000000;\">Talking about studies, my goals are:<\/span><br \/>\n<span style=\"color: #000000;\"> * Learn social science, with the purpose to become social worker;<\/span><br \/>\n<span style=\"color: #000000;\"> * Improve my English, in order to be able to work in the international affairs (fields).<\/span><\/p>\n<p><span style=\"color: #000000;\">One of my dreams is to create a foundation which will take charge of poor\/abandoned children\u2019s and young women.<\/span>[\/vc_column_text][\/vc_column][\/vc_row][vc_row][vc_column][vc_column_text css_animation=&#8221;fadeInDown&#8221;]<a href=\"http:\/\/global-leadership.com\/index.php\/adjoa-brigitte-adonou-assessments\/\"><strong><span style=\"color: #000000;\">Click Here to read My Book Assessments<\/span><\/strong><\/a><\/p>\n<p><strong><span style=\"color: #000000;\">Books Completed:<\/span><\/strong><\/p>\n<p><span style=\"color: #000000;\">As A Man Thinketh<\/span><br \/>\n<span style=\"color: #000000;\"> Jonathan Livingston Seagull<\/span>[\/vc_column_text][\/vc_column][\/vc_row]<\/p>\n","protected":false},"excerpt":{"rendered":"<p>[vc_row][vc_column][vc_column_text css_animation=&#8221;fadeInDown&#8221;]Togo Adjoa Brigitte Adonou Lom\u00e9, Togo Email: britado2@yahoo.fr Birthday: 23 July 1979 Education: Higher studies Occupation: Administrative Secretary Please describe your vision of a world that works for everyone. In my view a world that works for everyone is <a href=\"http:\/\/global-leadership.com\/index.php\/adjoa-brigitte-adonou-profile\/\" class=\"read-more\">Read More &#8230;<\/a><\/p>\n","protected":false},"author":1,"featured_media":0,"parent":0,"menu_order":0,"comment_status":"closed","ping_status":"closed","template":"","meta":{"footnotes":""},"class_list":["post-2072","page","type-page","status-publish","hentry"],"_links":{"self":[{"href":"http:\/\/global-leadership.com\/index.php\/wp-json\/wp\/v2\/pages\/2072","targetHints":{"allow":["GET"]}}],"collection":[{"href":"http:\/\/global-leadership.com\/index.php\/wp-json\/wp\/v2\/pages"}],"about":[{"href":"http:\/\/global-leadership.com\/index.php\/wp-json\/wp\/v2\/types\/page"}],"author":[{"embeddable":true,"href":"http:\/\/global-leadership.com\/index.php\/wp-json\/wp\/v2\/users\/1"}],"replies":[{"embeddable":true,"href":"http:\/\/global-leadership.com\/index.php\/wp-json\/wp\/v2\/comments?post=2072"}],"version-history":[{"count":1,"href":"http:\/\/global-leadership.com\/index.php\/wp-json\/wp\/v2\/pages\/2072\/revisions"}],"predecessor-version":[{"id":2076,"href":"http:\/\/global-leadership.com\/index.php\/wp-json\/wp\/v2\/pages\/2072\/revisions\/2076"}],"wp:attachment":[{"href":"http:\/\/global-leadership.com\/index.php\/wp-json\/wp\/v2\/media?parent=2072"}],"curies":[{"name":"wp","href":"https:\/\/api.w.org\/{rel}","templated":true}]}}